{"id":993,"date":"2022-09-14T13:27:47","date_gmt":"2022-09-14T16:27:47","guid":{"rendered":"https:\/\/lucasdeoliveirapsi.com.br\/?page_id=993"},"modified":"2022-09-14T13:27:48","modified_gmt":"2022-09-14T16:27:48","slug":"ajudar-o-site","status":"publish","type":"page","link":"https:\/\/lucasdeoliveirapsi.com.br\/index.php\/ajudar-o-site\/","title":{"rendered":"Ajudar o site"},"content":{"rendered":"\n<h2 class=\"wp-block-heading\">Voc\u00ea poderia me ajudar a melhorar esse site?<\/h2>\n\n\n\n<p> Esse site tem dois objetivos: Divulgar informa\u00e7\u00e3o e divulgar o meu servi\u00e7o psicol\u00f3gico para pessoas como voc\u00ea. <\/p>\n\n\n\n<p> E para fazer com que esse site se torne um ambiente mais acess\u00edvel, com artigos quem tragam informa\u00e7\u00f5es de uma forma mais f\u00e1cil de ser entendida, preciso da sua ajuda. <\/p>\n\n\n\n<p> Pra ajudar \u00e9 bem simples: Me fala sua opini\u00e3o, responda essas perguntas. Assim voc\u00ea me ajuda muito.<\/p>\n\n\n<div class=\"wpforms-container wpforms-container-full\" id=\"wpforms-982\"><form id=\"wpforms-form-982\" class=\"wpforms-validate wpforms-form wpforms-ajax-form\" data-formid=\"982\" method=\"post\" enctype=\"multipart\/form-data\" action=\"\/index.php\/wp-json\/wp\/v2\/pages\/993\" data-token=\"bb129e830635d1a9c7dcb03e009bcf20\" data-token-time=\"1777297994\"><noscript class=\"wpforms-error-noscript\">Please enable JavaScript in your browser to complete this form.<\/noscript><div class=\"wpforms-field-container\"><div id=\"wpforms-982-field_7-container\" class=\"wpforms-field wpforms-field-name\" data-field-id=\"7\"><label class=\"wpforms-field-label\" for=\"wpforms-982-field_7\">Name<\/label><input type=\"text\" id=\"wpforms-982-field_7\" class=\"wpforms-field-medium\" name=\"wpforms[fields][7]\" ><\/div><div id=\"wpforms-982-field_8-container\" class=\"wpforms-field wpforms-field-email\" data-field-id=\"8\"><label class=\"wpforms-field-label\" for=\"wpforms-982-field_8\">Email<\/label><input type=\"email\" id=\"wpforms-982-field_8\" class=\"wpforms-field-medium\" name=\"wpforms[fields][8]\" spellcheck=\"false\" ><\/div><div id=\"wpforms-982-field_1-container\" class=\"wpforms-field wpforms-field-text\" data-field-id=\"1\"><label class=\"wpforms-field-label\" for=\"wpforms-982-field_1\">O que voc\u00ea tem achado dos artigos?<\/label><input type=\"text\" id=\"wpforms-982-field_1\" class=\"wpforms-field-medium\" name=\"wpforms[fields][1]\" ><div class=\"wpforms-field-description\">Me fala qual \u00e9 a sua opini\u00e3o sobre os artigos que tem sido postados aqui no site.<\/div><\/div><div id=\"wpforms-982-field_2-container\" class=\"wpforms-field wpforms-field-text\" data-field-id=\"2\"><label class=\"wpforms-field-label\" for=\"wpforms-982-field_2\">O que voc\u00ea tem achado do site?<\/label><input type=\"text\" id=\"wpforms-982-field_2\" class=\"wpforms-field-medium\" name=\"wpforms[fields][2]\" ><div class=\"wpforms-field-description\">Sobre o site, no geral. Me fala qual \u00e9 a sua opini\u00e3o sobre ele.<\/div><\/div><div id=\"wpforms-982-field_3-container\" class=\"wpforms-field wpforms-field-text\" data-field-id=\"3\"><label class=\"wpforms-field-label\" for=\"wpforms-982-field_3\"> Voc\u00ea viu algum problema no site ou em algum artigo? <\/label><input type=\"text\" id=\"wpforms-982-field_3\" class=\"wpforms-field-medium\" name=\"wpforms[fields][3]\" ><div class=\"wpforms-field-description\">Me fala o que voc\u00ea viu, talvez pode ajudar me ajudar a melhorar.<\/div><\/div><div id=\"wpforms-982-field_4-container\" class=\"wpforms-field wpforms-field-text\" data-field-id=\"4\"><label class=\"wpforms-field-label\" for=\"wpforms-982-field_4\">Voc\u00ea tem alguma sugest\u00e3o de tema ou mudan\u00e7a para os artigos ou para o site?<\/label><input type=\"text\" id=\"wpforms-982-field_4\" class=\"wpforms-field-medium\" name=\"wpforms[fields][4]\" ><div class=\"wpforms-field-description\">Se tiver alguma sugest\u00e3o pra melhorar o site e os artigos, por favor, me fala, pode me ajudar a melhorar.<\/div><\/div><\/div><!-- .wpforms-field-container --><div class=\"wpforms-submit-container\" ><input type=\"hidden\" name=\"wpforms[id]\" value=\"982\"><input type=\"hidden\" name=\"page_title\" value=\"\"><input type=\"hidden\" name=\"page_url\" value=\"https:\/\/lucasdeoliveirapsi.com.br\/index.php\/wp-json\/wp\/v2\/pages\/993\"><input type=\"hidden\" name=\"url_referer\" value=\"\"><button type=\"submit\" name=\"wpforms[submit]\" id=\"wpforms-submit-982\" class=\"wpforms-submit\" data-alt-text=\"Enviando...\" data-submit-text=\"Enviar\" aria-live=\"assertive\" value=\"wpforms-submit\">Enviar<\/button><img loading=\"lazy\" decoding=\"async\" src=\"https:\/\/lucasdeoliveirapsi.com.br\/wp-content\/plugins\/wpforms-lite\/assets\/images\/submit-spin.svg\" class=\"wpforms-submit-spinner\" style=\"display: none;\" width=\"26\" height=\"26\" alt=\"Loading\"><\/div><\/form><\/div>  <!-- .wpforms-container -->\n\n\n\n<p class=\"has-text-align-center\"><strong>Muito obrigado pela sua aten\u00e7\u00e3o.<\/strong><\/p>\n\n\n\n<figure class=\"wp-block-image size-large\"><img loading=\"lazy\" decoding=\"async\" width=\"1024\" height=\"546\" src=\"https:\/\/lucasdeoliveirapsi.com.br\/wp-content\/uploads\/2022\/09\/daisy-2313971_1920-1024x546.jpg\" alt=\"\" class=\"wp-image-1000\" srcset=\"https:\/\/lucasdeoliveirapsi.com.br\/wp-content\/uploads\/2022\/09\/daisy-2313971_1920-1024x546.jpg 1024w, https:\/\/lucasdeoliveirapsi.com.br\/wp-content\/uploads\/2022\/09\/daisy-2313971_1920-300x160.jpg 300w, https:\/\/lucasdeoliveirapsi.com.br\/wp-content\/uploads\/2022\/09\/daisy-2313971_1920-768x409.jpg 768w, https:\/\/lucasdeoliveirapsi.com.br\/wp-content\/uploads\/2022\/09\/daisy-2313971_1920-1536x818.jpg 1536w, https:\/\/lucasdeoliveirapsi.com.br\/wp-content\/uploads\/2022\/09\/daisy-2313971_1920.jpg 1920w\" sizes=\"auto, (max-width: 1024px) 100vw, 1024px\" \/><figcaption>Imagem de <a href=\"https:\/\/pixabay.com\/pt\/users\/pixel2013-2364555\/?utm_source=link-attribution&amp;utm_medium=referral&amp;utm_campaign=image&amp;utm_content=2313971\">S. Hermann &amp;amp; F. Richter<\/a> por <a href=\"https:\/\/pixabay.com\/pt\/\/?utm_source=link-attribution&amp;utm_medium=referral&amp;utm_campaign=image&amp;utm_content=2313971\">Pixabay<\/a><\/figcaption><\/figure>\n\n\n\n<p>Fonte da imagem 01: Imagem de <a href=\"https:\/\/pixabay.com\/pt\/users\/stux-12364\/?utm_source=link-attribution&amp;utm_medium=referral&amp;utm_campaign=image&amp;utm_content=1014411\">Stefan Schweihofer<\/a> por <a href=\"https:\/\/pixabay.com\/pt\/\/?utm_source=link-attribution&amp;utm_medium=referral&amp;utm_campaign=image&amp;utm_content=1014411\">Pixabay<\/a><\/p>\n","protected":false},"excerpt":{"rendered":"<p>Voc\u00ea poderia me ajudar a melhorar esse site? Esse site tem dois objetivos: Divulgar informa\u00e7\u00e3o e divulgar o meu servi\u00e7o psicol\u00f3gico para pessoas como voc\u00ea. &#8230;. <\/p>\n","protected":false},"author":1,"featured_media":997,"parent":0,"menu_order":0,"comment_status":"closed","ping_status":"closed","template":"","meta":{"om_disable_all_campaigns":false,"footnotes":""},"class_list":["post-993","page","type-page","status-publish","has-post-thumbnail","hentry"],"aioseo_notices":[],"_links":{"self":[{"href":"https:\/\/lucasdeoliveirapsi.com.br\/index.php\/wp-json\/wp\/v2\/pages\/993","targetHints":{"allow":["GET"]}}],"collection":[{"href":"https:\/\/lucasdeoliveirapsi.com.br\/index.php\/wp-json\/wp\/v2\/pages"}],"about":[{"href":"https:\/\/lucasdeoliveirapsi.com.br\/index.php\/wp-json\/wp\/v2\/types\/page"}],"author":[{"embeddable":true,"href":"https:\/\/lucasdeoliveirapsi.com.br\/index.php\/wp-json\/wp\/v2\/users\/1"}],"replies":[{"embeddable":true,"href":"https:\/\/lucasdeoliveirapsi.com.br\/index.php\/wp-json\/wp\/v2\/comments?post=993"}],"version-history":[{"count":6,"href":"https:\/\/lucasdeoliveirapsi.com.br\/index.php\/wp-json\/wp\/v2\/pages\/993\/revisions"}],"predecessor-version":[{"id":1003,"href":"https:\/\/lucasdeoliveirapsi.com.br\/index.php\/wp-json\/wp\/v2\/pages\/993\/revisions\/1003"}],"wp:featuredmedia":[{"embeddable":true,"href":"https:\/\/lucasdeoliveirapsi.com.br\/index.php\/wp-json\/wp\/v2\/media\/997"}],"wp:attachment":[{"href":"https:\/\/lucasdeoliveirapsi.com.br\/index.php\/wp-json\/wp\/v2\/media?parent=993"}],"curies":[{"name":"wp","href":"https:\/\/api.w.org\/{rel}","templated":true}]}}