{"id":7,"date":"2022-04-12T11:00:20","date_gmt":"2022-04-12T14:00:20","guid":{"rendered":"https:\/\/lucasdeoliveirapsi.com.br\/?page_id=7"},"modified":"2025-09-03T23:43:24","modified_gmt":"2025-09-04T02:43:24","slug":"sobre","status":"publish","type":"page","link":"https:\/\/lucasdeoliveirapsi.com.br\/index.php\/sobre\/","title":{"rendered":"Quem sou eu"},"content":{"rendered":"<div class=\"wp-block-image is-style-rounded\">\n<figure class=\"alignleft size-large is-resized\"><img loading=\"lazy\" decoding=\"async\" width=\"768\" height=\"1024\" src=\"https:\/\/lucasdeoliveirapsi.com.br\/wp-content\/uploads\/2024\/06\/Eu050624-768x1024.jpg\" alt=\"\" class=\"wp-image-1724\" style=\"width:114px\" srcset=\"https:\/\/lucasdeoliveirapsi.com.br\/wp-content\/uploads\/2024\/06\/Eu050624-768x1024.jpg 768w, https:\/\/lucasdeoliveirapsi.com.br\/wp-content\/uploads\/2024\/06\/Eu050624-225x300.jpg 225w, https:\/\/lucasdeoliveirapsi.com.br\/wp-content\/uploads\/2024\/06\/Eu050624-1152x1536.jpg 1152w, https:\/\/lucasdeoliveirapsi.com.br\/wp-content\/uploads\/2024\/06\/Eu050624-1536x2048.jpg 1536w, https:\/\/lucasdeoliveirapsi.com.br\/wp-content\/uploads\/2024\/06\/Eu050624-scaled.jpg 1920w\" sizes=\"auto, (max-width: 768px) 100vw, 768px\" \/><\/figure>\n<\/div>\n\n\n<p>Ol\u00e1, meu nome \u00e9 <strong>Lucas de Oliveira Barbosa<\/strong>, sou <strong>psic\u00f3logo cl\u00ednico<\/strong>, <strong>CRP-04\/63762<\/strong>.<\/p>\n\n\n\n<p>Me formei em Psicologia no Centro Universit\u00e1rio de Vi\u00e7osa (UNIVI\u00c7OSA), na cidade de Vi\u00e7osa &#8211; MG (2015-2021).<\/p>\n\n\n\n<p>E me especializei em Psicossom\u00e1tica no Instituto Jungiano de Ensino e Pesquisa (2022-2024).<\/p>\n\n\n\n<h4 class=\"wp-block-heading has-background\" style=\"background-color:#e66239\">Experi\u00eancia<\/h4>\n\n\n\n<p> Desde o in\u00edcio do meu curso realizei diversos est\u00e1gios com os quais me identifiquei muito:<\/p>\n\n\n\n<ul class=\"wp-block-list\">\n<li>Est\u00e1gio em Psicologia Escolar Cl\u00ednica em um escola de ensino fundamental (2016-2017),<\/li>\n\n\n\n<li>Atendimento psicol\u00f3gico para pessoas com baixa renda dentro do Projeto Psicologia pra quem Precisa, com uma abordagem Humanista (2018)<\/li>\n\n\n\n<li>Est\u00e1gio cedido pela UNIVI\u00c7OSA em Psicologia do Trabalho, com avalia\u00e7\u00e3o e interven\u00e7\u00e3o na Escola Estadual Pedro Lessa, em S\u00e3o Miguel do Anta-MG, com uma professora da institui\u00e7\u00e3o, pelo m\u00e9todo da Cl\u00ednica da Atividade, desenvolvido por Yves Clot (2019)<\/li>\n\n\n\n<li>Est\u00e1gio de Atendimento psicol\u00f3gico na Cl\u00ednica Escola do Centro Universit\u00e1rio de Vi\u00e7osa (2019-2020),<\/li>\n\n\n\n<li>E Atendimento grupal em uma comunidade terap\u00eautica via arteterapia Junguiana (2019-2020).<\/li>\n<\/ul>\n\n\n\n<p>Al\u00e9m desses, houveram outros trabalhos realizados durante o curso que serviram com experi\u00eancia na minha forma\u00e7\u00e3o acad\u00eamica, mas n\u00e3o os citarei para ser breve.<\/p>\n\n\n\n<p><strong>Curr\u00edculo Lattes<\/strong> <strong>|<\/strong> <a href=\"https:\/\/wwws.cnpq.br\/cvlattesweb\/PKG_MENU.menu?f_cod=B0DE22385C739250761069F36A90D016#\"><strong>https:\/\/lattes.cnpq.br\/6366133095067988<\/strong><\/a><\/p>\n\n\n\n<h4 class=\"wp-block-heading has-luminous-vivid-amber-background-color has-background\">Atualmente<\/h4>\n\n\n\n<p>Trabalho em Vi\u00e7osa &#8211; MG.&nbsp;Atendo crian\u00e7as, adolescentes, adultos e idosos.<\/p>\n\n\n\n<p> <strong>Atendo online<\/strong>, ent\u00e3o n\u00e3o tem problema se voc\u00ea n\u00e3o mora perto da cidade onde eu trabalho.<\/p>\n\n\n\n<p>Apresento tamb\u00e9m o podcast <a href=\"https:\/\/podcasters.spotify.com\/pod\/show\/12155859749\" target=\"_blank\" rel=\"noopener\" title=\"Sa\u00fade, Simplicidade e Psicologia\">Sa\u00fade, Simplicidade e Psicologia<\/a>. Dispon\u00edvel no <a href=\"https:\/\/www.youtube.com\/channel\/UCxkomYDxNcWQawK9Gjxk9Xw\" target=\"_blank\" rel=\"noopener\" title=\"Youtube\">Youtube<\/a>, <a href=\"https:\/\/open.spotify.com\/show\/72dd2jVpEYjblRnuxrTjsP\" target=\"_blank\" rel=\"noopener\" title=\"Spotify\">Spotify<\/a>.<\/p>\n\n\n\n<p class=\"has-text-align-center\"><strong>Fique a vontade pra me enviar uma mensagem ou me ligar.<\/strong><\/p>\n\n\n\n<h4 class=\"wp-block-heading has-vivid-green-cyan-background-color has-background\">Meus contatos<\/h4>\n\n\n<div class=\"wp-block-image is-resized\">\n<figure class=\"alignleft\"><img decoding=\"async\" src=\"https:\/\/1.bp.blogspot.com\/-uDQjkJiB3tU\/YU1mPea87aI\/AAAAAAAAAKg\/j1sd6W_vlWI2guJOG5vK2OAWB6SNvHcJQCLcBGAsYHQ\/w22-h22\/whatsapp-logo-1.png\" alt=\"\"\/><\/figure>\n<\/div>\n\n\n<p><a href=\"https:\/\/www.blogger.com\/blog\/page\/edit\/9074918796586167093\/8328458116775472871#\"><\/a><a href=\"https:\/\/api.whatsapp.com\/send?phone=5531971730541\" target=\"_blank\" rel=\"noreferrer noopener\" title=\"\">(31) 971730541<\/a><\/p>\n\n\n<div class=\"wp-block-image\">\n<figure class=\"alignleft\"><img decoding=\"async\" src=\"https:\/\/1.bp.blogspot.com\/-oMimPseHDjI\/YU1nd2w0tUI\/AAAAAAAAAKo\/V_45ObxyafksKBLXx3tEk00lYe_Bc2xHACLcBGAsYHQ\/w22-h22\/instagram-logo.png\" alt=\"\"\/><\/figure>\n<\/div>\n\n\n<p><a href=\"https:\/\/www.blogger.com\/blog\/page\/edit\/9074918796586167093\/8328458116775472871#\"><\/a><a href=\"https:\/\/www.instagram.com\/lucasdeoliveirabarbosapsi\/\" title=\"@lucasdeoliveirabarbosapsi\">@lucasdeoliveirabarbosapsi<\/a><\/p>\n\n\n<div class=\"wp-block-image\">\n<figure class=\"alignleft\"><img decoding=\"async\" src=\"https:\/\/1.bp.blogspot.com\/-mZMEsnnGwks\/YU1pCjiDMbI\/AAAAAAAAAKw\/BqGbvefEewwNGda0c1Bx2YzkB8eYudXawCLcBGAsYHQ\/w20-h20\/gmail-logo-2-1.png\" alt=\"\"\/><\/figure>\n<\/div>\n\n\n<p><a href=\"https:\/\/www.blogger.com\/blog\/page\/edit\/9074918796586167093\/8328458116775472871#\"><\/a><a href=\"https:\/\/www.blogger.com\/blog\/page\/edit\/9074918796586167093\/8328458116775472871#\" target=\"_blank\" rel=\"noopener\" title=\"lucasdeoliveirapsicologo@gmail.com\">lucasdeoliveirapsicologo@gmail.com<\/a><\/p>\n\n\n<div class=\"wp-block-image\">\n<figure class=\"alignleft\"><a href=\"https:\/\/www.blogger.com\/blog\/page\/edit\/9074918796586167093\/8328458116775472871#\"><img decoding=\"async\" src=\"https:\/\/1.bp.blogspot.com\/-H57m2XR9r_s\/YU1sr3iVK7I\/AAAAAAAAALY\/8s92_hEPa8Q7DdjG5HKDJhrkz0uGQs5GwCLcBGAsYHQ\/w20-h20\/facebook-logo-3-1.png\" alt=\"\"\/><\/a><\/figure>\n<\/div>\n\n\n<p><a href=\"https:\/\/www.facebook.com\/profile.php?id=100072206395668\" target=\"_blank\" rel=\"noreferrer noopener\" title=\"\"><\/a><a href=\"https:\/\/www.facebook.com\/profile.php?id=100072206395668\" target=\"_blank\" rel=\"noreferrer noopener\" title=\"\">Lucas De Oliveira Barbosa<\/a><\/p>\n\n\n<div class=\"wp-block-image\">\n<figure class=\"alignleft\"><a href=\"https:\/\/www.blogger.com\/blog\/page\/edit\/9074918796586167093\/8328458116775472871#\"><img decoding=\"async\" src=\"https:\/\/blogger.googleusercontent.com\/img\/a\/AVvXsEi-udoH8jaK4SilRMjsN4yQp1jg8gC3lFMCbCpPMIHxO6mxyofbIH0EdZmSdLxtLQBDj6lc7G_dOpHKWPv90KHswjfFAh3g0gWKBi_fZfU6P1cTBAdqvtuvdei288y8afT-UnT9YdgogKzoIgvC4vzYP8NSluOUCjLGt8VYKdqj5JRxtjj-3eMy1kEkjg=w20-h20\" alt=\"\"\/><\/a><\/figure>\n<\/div>\n\n\n<p><a href=\"https:\/\/www.youtube.com\/channel\/UCxkomYDxNcWQawK9Gjxk9Xw\">https:\/\/www.youtube.com\/channel\/UCxkomYDxNcWQawK9Gjxk9Xw<\/a><\/p>\n\n\n\n<blockquote class=\"wp-block-quote is-layout-flow wp-block-quote-is-layout-flow\">\n<p><a href=\"https:\/\/lucasdeoliveirapsi.com.br\/index.php\/blog\/\" target=\"_blank\" rel=\"noopener\" title=\"Confira todos os artigos sobre sa\u00fade, psicologia e desenvolvimento, aqui do site.\">Confira todos os artigos sobre sa\u00fade, psicologia e desenvolvimento, aqui do site.<\/a><\/p>\n<\/blockquote>\n\n\n\n<p><\/p>\n","protected":false},"excerpt":{"rendered":"<p>Ol\u00e1, meu nome \u00e9 Lucas de Oliveira Barbosa, sou psic\u00f3logo cl\u00ednico, CRP-04\/63762. Me formei em Psicologia no Centro Universit\u00e1rio de Vi\u00e7osa (UNIVI\u00c7OSA), na cidade de &#8230;. <\/p>\n","protected":false},"author":1,"featured_media":0,"parent":0,"menu_order":0,"comment_status":"closed","ping_status":"closed","template":"","meta":{"om_disable_all_campaigns":false,"footnotes":""},"class_list":["post-7","page","type-page","status-publish","hentry"],"aioseo_notices":[],"_links":{"self":[{"href":"https:\/\/lucasdeoliveirapsi.com.br\/index.php\/wp-json\/wp\/v2\/pages\/7","targetHints":{"allow":["GET"]}}],"collection":[{"href":"https:\/\/lucasdeoliveirapsi.com.br\/index.php\/wp-json\/wp\/v2\/pages"}],"about":[{"href":"https:\/\/lucasdeoliveirapsi.com.br\/index.php\/wp-json\/wp\/v2\/types\/page"}],"author":[{"embeddable":true,"href":"https:\/\/lucasdeoliveirapsi.com.br\/index.php\/wp-json\/wp\/v2\/users\/1"}],"replies":[{"embeddable":true,"href":"https:\/\/lucasdeoliveirapsi.com.br\/index.php\/wp-json\/wp\/v2\/comments?post=7"}],"version-history":[{"count":41,"href":"https:\/\/lucasdeoliveirapsi.com.br\/index.php\/wp-json\/wp\/v2\/pages\/7\/revisions"}],"predecessor-version":[{"id":1970,"href":"https:\/\/lucasdeoliveirapsi.com.br\/index.php\/wp-json\/wp\/v2\/pages\/7\/revisions\/1970"}],"wp:attachment":[{"href":"https:\/\/lucasdeoliveirapsi.com.br\/index.php\/wp-json\/wp\/v2\/media?parent=7"}],"curies":[{"name":"wp","href":"https:\/\/api.w.org\/{rel}","templated":true}]}}