{"id":557,"date":"2022-05-13T13:26:32","date_gmt":"2022-05-13T16:26:32","guid":{"rendered":"https:\/\/lucasdeoliveirapsi.com.br\/?page_id=557"},"modified":"2025-11-03T11:44:33","modified_gmt":"2025-11-03T14:44:33","slug":"postagens-do-instagram","status":"publish","type":"page","link":"https:\/\/lucasdeoliveirapsi.com.br\/index.php\/postagens-do-instagram\/","title":{"rendered":"Postagens do Instagram"},"content":{"rendered":"\n<p>Aqui voc\u00ea encontra os artigos referentes \u00e0s postagens feitas no Instagram.<\/p>\n\n\n\n<h4 class=\"wp-block-heading has-background\" style=\"background-color:#e6caff\">Artigos<\/h4>\n\n\n\n<figure class=\"wp-block-gallery has-nested-images columns-default is-cropped wp-block-gallery-1 is-layout-flex wp-block-gallery-is-layout-flex\">\n<figure class=\"wp-block-image size-large\"><a href=\"https:\/\/lucasdeoliveirapsi.com.br\/index.php\/2022\/04\/16\/posso-te-ajudar-na-sua-escolha\/\"><img loading=\"lazy\" decoding=\"async\" width=\"819\" height=\"1024\" data-id=\"559\" src=\"https:\/\/lucasdeoliveirapsi.com.br\/wp-content\/uploads\/2022\/05\/Laranja-e-Azul-Tom-sobre-Tom-Retro-Educacao-e-Desenvolvimento-Juvenil-Video-Post-para-Facebook-819x1024.png\" alt=\"\" class=\"wp-image-559\" srcset=\"https:\/\/lucasdeoliveirapsi.com.br\/wp-content\/uploads\/2022\/05\/Laranja-e-Azul-Tom-sobre-Tom-Retro-Educacao-e-Desenvolvimento-Juvenil-Video-Post-para-Facebook-819x1024.png 819w, https:\/\/lucasdeoliveirapsi.com.br\/wp-content\/uploads\/2022\/05\/Laranja-e-Azul-Tom-sobre-Tom-Retro-Educacao-e-Desenvolvimento-Juvenil-Video-Post-para-Facebook-240x300.png 240w, https:\/\/lucasdeoliveirapsi.com.br\/wp-content\/uploads\/2022\/05\/Laranja-e-Azul-Tom-sobre-Tom-Retro-Educacao-e-Desenvolvimento-Juvenil-Video-Post-para-Facebook-768x960.png 768w, https:\/\/lucasdeoliveirapsi.com.br\/wp-content\/uploads\/2022\/05\/Laranja-e-Azul-Tom-sobre-Tom-Retro-Educacao-e-Desenvolvimento-Juvenil-Video-Post-para-Facebook.png 1080w\" sizes=\"auto, (max-width: 819px) 100vw, 819px\" \/><\/a><\/figure>\n\n\n\n<figure class=\"wp-block-image size-large\"><a href=\"https:\/\/lucasdeoliveirapsi.com.br\/index.php\/2022\/04\/14\/sobre-brincar\/\"><img loading=\"lazy\" decoding=\"async\" width=\"1024\" height=\"1024\" data-id=\"558\" src=\"https:\/\/lucasdeoliveirapsi.com.br\/wp-content\/uploads\/2022\/05\/Voce-sabe-porque-brincar-e-tao-importante-Ja-parou-pra-pensar-nisso-1024x1024.png\" alt=\"\" class=\"wp-image-558\" srcset=\"https:\/\/lucasdeoliveirapsi.com.br\/wp-content\/uploads\/2022\/05\/Voce-sabe-porque-brincar-e-tao-importante-Ja-parou-pra-pensar-nisso-1024x1024.png 1024w, https:\/\/lucasdeoliveirapsi.com.br\/wp-content\/uploads\/2022\/05\/Voce-sabe-porque-brincar-e-tao-importante-Ja-parou-pra-pensar-nisso-300x300.png 300w, https:\/\/lucasdeoliveirapsi.com.br\/wp-content\/uploads\/2022\/05\/Voce-sabe-porque-brincar-e-tao-importante-Ja-parou-pra-pensar-nisso-150x150.png 150w, https:\/\/lucasdeoliveirapsi.com.br\/wp-content\/uploads\/2022\/05\/Voce-sabe-porque-brincar-e-tao-importante-Ja-parou-pra-pensar-nisso-768x768.png 768w, https:\/\/lucasdeoliveirapsi.com.br\/wp-content\/uploads\/2022\/05\/Voce-sabe-porque-brincar-e-tao-importante-Ja-parou-pra-pensar-nisso.png 1080w\" sizes=\"auto, (max-width: 1024px) 100vw, 1024px\" \/><\/a><\/figure>\n\n\n\n<figure class=\"wp-block-image size-large\"><a href=\"https:\/\/lucasdeoliveirapsi.com.br\/index.php\/2022\/04\/12\/decepcao-com-pessoas\/\"><img loading=\"lazy\" decoding=\"async\" width=\"1080\" height=\"1080\" data-id=\"82\" src=\"https:\/\/lucasdeoliveirapsi.com.br\/wp-content\/uploads\/2022\/04\/1.png\" alt=\"\" class=\"wp-image-82\" srcset=\"https:\/\/lucasdeoliveirapsi.com.br\/wp-content\/uploads\/2022\/04\/1.png 1080w, https:\/\/lucasdeoliveirapsi.com.br\/wp-content\/uploads\/2022\/04\/1-300x300.png 300w, https:\/\/lucasdeoliveirapsi.com.br\/wp-content\/uploads\/2022\/04\/1-1024x1024.png 1024w, https:\/\/lucasdeoliveirapsi.com.br\/wp-content\/uploads\/2022\/04\/1-150x150.png 150w, https:\/\/lucasdeoliveirapsi.com.br\/wp-content\/uploads\/2022\/04\/1-768x768.png 768w\" sizes=\"auto, (max-width: 1080px) 100vw, 1080px\" \/><\/a><\/figure>\n\n\n\n<figure class=\"wp-block-image size-large\"><a href=\"https:\/\/lucasdeoliveirapsi.com.br\/index.php\/2022\/04\/12\/atendimento-psicologico-online\/\"><img loading=\"lazy\" decoding=\"async\" width=\"1080\" height=\"1080\" data-id=\"93\" src=\"https:\/\/lucasdeoliveirapsi.com.br\/wp-content\/uploads\/2022\/04\/1-1.png\" alt=\"\" class=\"wp-image-93\" srcset=\"https:\/\/lucasdeoliveirapsi.com.br\/wp-content\/uploads\/2022\/04\/1-1.png 1080w, https:\/\/lucasdeoliveirapsi.com.br\/wp-content\/uploads\/2022\/04\/1-1-300x300.png 300w, https:\/\/lucasdeoliveirapsi.com.br\/wp-content\/uploads\/2022\/04\/1-1-1024x1024.png 1024w, https:\/\/lucasdeoliveirapsi.com.br\/wp-content\/uploads\/2022\/04\/1-1-150x150.png 150w, https:\/\/lucasdeoliveirapsi.com.br\/wp-content\/uploads\/2022\/04\/1-1-768x768.png 768w\" sizes=\"auto, (max-width: 1080px) 100vw, 1080px\" \/><\/a><\/figure>\n\n\n\n<figure class=\"wp-block-image size-large\"><a href=\"https:\/\/lucasdeoliveirapsi.com.br\/index.php\/2022\/04\/16\/digitacao-por-fala\/\"><img loading=\"lazy\" decoding=\"async\" width=\"1024\" height=\"1024\" data-id=\"562\" src=\"https:\/\/lucasdeoliveirapsi.com.br\/wp-content\/uploads\/2022\/05\/1-1024x1024.png\" alt=\"\" class=\"wp-image-562\" srcset=\"https:\/\/lucasdeoliveirapsi.com.br\/wp-content\/uploads\/2022\/05\/1-1024x1024.png 1024w, https:\/\/lucasdeoliveirapsi.com.br\/wp-content\/uploads\/2022\/05\/1-300x300.png 300w, https:\/\/lucasdeoliveirapsi.com.br\/wp-content\/uploads\/2022\/05\/1-150x150.png 150w, https:\/\/lucasdeoliveirapsi.com.br\/wp-content\/uploads\/2022\/05\/1-768x768.png 768w, https:\/\/lucasdeoliveirapsi.com.br\/wp-content\/uploads\/2022\/05\/1.png 1080w\" sizes=\"auto, (max-width: 1024px) 100vw, 1024px\" \/><\/a><\/figure>\n\n\n\n<figure class=\"wp-block-image size-large\"><a href=\"https:\/\/lucasdeoliveirapsi.com.br\/index.php\/2022\/09\/06\/a-campanha-do-setembro-amarelo\/\" target=\"_blank\" rel=\"noreferrer noopener\"><img loading=\"lazy\" decoding=\"async\" width=\"1024\" height=\"1024\" data-id=\"940\" src=\"https:\/\/lucasdeoliveirapsi.com.br\/wp-content\/uploads\/2022\/09\/1-1024x1024.png\" alt=\"\" class=\"wp-image-940\" srcset=\"https:\/\/lucasdeoliveirapsi.com.br\/wp-content\/uploads\/2022\/09\/1-1024x1024.png 1024w, https:\/\/lucasdeoliveirapsi.com.br\/wp-content\/uploads\/2022\/09\/1-300x300.png 300w, https:\/\/lucasdeoliveirapsi.com.br\/wp-content\/uploads\/2022\/09\/1-150x150.png 150w, https:\/\/lucasdeoliveirapsi.com.br\/wp-content\/uploads\/2022\/09\/1-768x768.png 768w, https:\/\/lucasdeoliveirapsi.com.br\/wp-content\/uploads\/2022\/09\/1.png 1080w\" sizes=\"auto, (max-width: 1024px) 100vw, 1024px\" \/><\/a><\/figure>\n\n\n\n<figure class=\"wp-block-image size-large\"><a href=\"https:\/\/lucasdeoliveirapsi.com.br\/index.php\/2023\/03\/02\/o-nosso-corpo-nao-e-so-partes\/\" target=\"_blank\" rel=\"noreferrer noopener\"><img loading=\"lazy\" decoding=\"async\" width=\"819\" height=\"1024\" data-id=\"1201\" src=\"https:\/\/lucasdeoliveirapsi.com.br\/wp-content\/uploads\/2023\/03\/1-819x1024.png\" alt=\"\" class=\"wp-image-1201\" srcset=\"https:\/\/lucasdeoliveirapsi.com.br\/wp-content\/uploads\/2023\/03\/1-819x1024.png 819w, https:\/\/lucasdeoliveirapsi.com.br\/wp-content\/uploads\/2023\/03\/1-240x300.png 240w, https:\/\/lucasdeoliveirapsi.com.br\/wp-content\/uploads\/2023\/03\/1-768x960.png 768w, https:\/\/lucasdeoliveirapsi.com.br\/wp-content\/uploads\/2023\/03\/1.png 1080w\" sizes=\"auto, (max-width: 819px) 100vw, 819px\" \/><\/a><\/figure>\n\n\n\n<figure class=\"wp-block-image size-large\"><a href=\"https:\/\/lucasdeoliveirapsi.com.br\/index.php\/2022\/09\/22\/o-que-e-equidade\/\" target=\"_blank\" rel=\"noreferrer noopener\"><img loading=\"lazy\" decoding=\"async\" width=\"1024\" height=\"1024\" data-id=\"1212\" src=\"https:\/\/lucasdeoliveirapsi.com.br\/wp-content\/uploads\/2023\/04\/Equidadecapa-1-1024x1024.png\" alt=\"\" class=\"wp-image-1212\" srcset=\"https:\/\/lucasdeoliveirapsi.com.br\/wp-content\/uploads\/2023\/04\/Equidadecapa-1-1024x1024.png 1024w, https:\/\/lucasdeoliveirapsi.com.br\/wp-content\/uploads\/2023\/04\/Equidadecapa-1-300x300.png 300w, https:\/\/lucasdeoliveirapsi.com.br\/wp-content\/uploads\/2023\/04\/Equidadecapa-1-150x150.png 150w, https:\/\/lucasdeoliveirapsi.com.br\/wp-content\/uploads\/2023\/04\/Equidadecapa-1-768x768.png 768w, https:\/\/lucasdeoliveirapsi.com.br\/wp-content\/uploads\/2023\/04\/Equidadecapa-1.png 1536w, https:\/\/lucasdeoliveirapsi.com.br\/wp-content\/uploads\/2023\/04\/Equidadecapa-1-400x400.png 400w\" sizes=\"auto, (max-width: 1024px) 100vw, 1024px\" \/><\/a><\/figure>\n\n\n\n<figure class=\"wp-block-image size-large\"><a href=\"https:\/\/lucasdeoliveirapsi.com.br\/index.php\/2023\/02\/28\/as-telas-prejudicam-nossa-saude\/\" target=\"_blank\" rel=\"noreferrer noopener\"><img loading=\"lazy\" decoding=\"async\" width=\"526\" height=\"526\" data-id=\"1316\" src=\"https:\/\/lucasdeoliveirapsi.com.br\/wp-content\/uploads\/2023\/06\/353606811_274876431595901_691233051951880553_n.jpg\" alt=\"\" class=\"wp-image-1316\" srcset=\"https:\/\/lucasdeoliveirapsi.com.br\/wp-content\/uploads\/2023\/06\/353606811_274876431595901_691233051951880553_n.jpg 526w, https:\/\/lucasdeoliveirapsi.com.br\/wp-content\/uploads\/2023\/06\/353606811_274876431595901_691233051951880553_n-300x300.jpg 300w, https:\/\/lucasdeoliveirapsi.com.br\/wp-content\/uploads\/2023\/06\/353606811_274876431595901_691233051951880553_n-150x150.jpg 150w, https:\/\/lucasdeoliveirapsi.com.br\/wp-content\/uploads\/2023\/06\/353606811_274876431595901_691233051951880553_n-400x400.jpg 400w\" sizes=\"auto, (max-width: 526px) 100vw, 526px\" \/><\/a><\/figure>\n\n\n\n<figure class=\"wp-block-image size-large\"><a href=\"https:\/\/lucasdeoliveirapsi.com.br\/index.php\/2023\/06\/15\/a-cobranca-talvez-injusta\/\" target=\"_blank\" rel=\"noreferrer noopener\"><img loading=\"lazy\" decoding=\"async\" width=\"526\" height=\"526\" data-id=\"1324\" src=\"https:\/\/lucasdeoliveirapsi.com.br\/wp-content\/uploads\/2023\/06\/A-cobranca-talvez-injusta.png\" alt=\"\" class=\"wp-image-1324\" srcset=\"https:\/\/lucasdeoliveirapsi.com.br\/wp-content\/uploads\/2023\/06\/A-cobranca-talvez-injusta.png 526w, https:\/\/lucasdeoliveirapsi.com.br\/wp-content\/uploads\/2023\/06\/A-cobranca-talvez-injusta-300x300.png 300w, https:\/\/lucasdeoliveirapsi.com.br\/wp-content\/uploads\/2023\/06\/A-cobranca-talvez-injusta-150x150.png 150w, https:\/\/lucasdeoliveirapsi.com.br\/wp-content\/uploads\/2023\/06\/A-cobranca-talvez-injusta-400x400.png 400w\" sizes=\"auto, (max-width: 526px) 100vw, 526px\" \/><\/a><\/figure>\n\n\n\n<figure class=\"wp-block-image size-large\"><img loading=\"lazy\" decoding=\"async\" width=\"526\" height=\"526\" data-id=\"1412\" src=\"https:\/\/lucasdeoliveirapsi.com.br\/wp-content\/uploads\/2023\/08\/Post-instagram180823.png\" alt=\"\" class=\"wp-image-1412\" srcset=\"https:\/\/lucasdeoliveirapsi.com.br\/wp-content\/uploads\/2023\/08\/Post-instagram180823.png 526w, https:\/\/lucasdeoliveirapsi.com.br\/wp-content\/uploads\/2023\/08\/Post-instagram180823-300x300.png 300w, https:\/\/lucasdeoliveirapsi.com.br\/wp-content\/uploads\/2023\/08\/Post-instagram180823-150x150.png 150w, https:\/\/lucasdeoliveirapsi.com.br\/wp-content\/uploads\/2023\/08\/Post-instagram180823-400x400.png 400w\" sizes=\"auto, (max-width: 526px) 100vw, 526px\" \/><\/figure>\n\n\n\n<figure class=\"wp-block-image size-large\"><a href=\"https:\/\/lucasdeoliveirapsi.com.br\/index.php\/2023\/08\/29\/padroes-de-beleza-e-saude-mental\/\" target=\"_blank\" rel=\"noreferrer noopener\"><img loading=\"lazy\" decoding=\"async\" width=\"526\" height=\"526\" data-id=\"1459\" src=\"https:\/\/lucasdeoliveirapsi.com.br\/wp-content\/uploads\/2023\/08\/Padroes-de-beleza-e-saude-mental.png\" alt=\"\" class=\"wp-image-1459\" srcset=\"https:\/\/lucasdeoliveirapsi.com.br\/wp-content\/uploads\/2023\/08\/Padroes-de-beleza-e-saude-mental.png 526w, https:\/\/lucasdeoliveirapsi.com.br\/wp-content\/uploads\/2023\/08\/Padroes-de-beleza-e-saude-mental-300x300.png 300w, https:\/\/lucasdeoliveirapsi.com.br\/wp-content\/uploads\/2023\/08\/Padroes-de-beleza-e-saude-mental-150x150.png 150w, https:\/\/lucasdeoliveirapsi.com.br\/wp-content\/uploads\/2023\/08\/Padroes-de-beleza-e-saude-mental-400x400.png 400w\" sizes=\"auto, (max-width: 526px) 100vw, 526px\" \/><\/a><\/figure>\n\n\n\n<figure class=\"wp-block-image size-large\"><a href=\"https:\/\/lucasdeoliveirapsi.com.br\/index.php\/2023\/09\/21\/sobre-ser-humano-complexo\/\" target=\"_blank\" rel=\"noreferrer noopener\"><img loading=\"lazy\" decoding=\"async\" width=\"526\" height=\"526\" data-id=\"1508\" src=\"https:\/\/lucasdeoliveirapsi.com.br\/wp-content\/uploads\/2023\/09\/Sobre-o-ser-humano-complexo.png\" alt=\"\" class=\"wp-image-1508\" srcset=\"https:\/\/lucasdeoliveirapsi.com.br\/wp-content\/uploads\/2023\/09\/Sobre-o-ser-humano-complexo.png 526w, https:\/\/lucasdeoliveirapsi.com.br\/wp-content\/uploads\/2023\/09\/Sobre-o-ser-humano-complexo-300x300.png 300w, https:\/\/lucasdeoliveirapsi.com.br\/wp-content\/uploads\/2023\/09\/Sobre-o-ser-humano-complexo-150x150.png 150w, https:\/\/lucasdeoliveirapsi.com.br\/wp-content\/uploads\/2023\/09\/Sobre-o-ser-humano-complexo-400x400.png 400w\" sizes=\"auto, (max-width: 526px) 100vw, 526px\" \/><\/a><\/figure>\n\n\n\n<figure class=\"wp-block-image size-large\"><a href=\"https:\/\/lucasdeoliveirapsi.com.br\/index.php\/2023\/10\/26\/adoecimento-e-a-visao-distorcida-de-mundo\/\" target=\"_blank\" rel=\"noreferrer noopener\"><img loading=\"lazy\" decoding=\"async\" width=\"526\" height=\"526\" data-id=\"1530\" src=\"https:\/\/lucasdeoliveirapsi.com.br\/wp-content\/uploads\/2023\/10\/Adoecimento-e-a-visao-distorcida-de-mundo.png\" alt=\"\" class=\"wp-image-1530\" srcset=\"https:\/\/lucasdeoliveirapsi.com.br\/wp-content\/uploads\/2023\/10\/Adoecimento-e-a-visao-distorcida-de-mundo.png 526w, https:\/\/lucasdeoliveirapsi.com.br\/wp-content\/uploads\/2023\/10\/Adoecimento-e-a-visao-distorcida-de-mundo-300x300.png 300w, https:\/\/lucasdeoliveirapsi.com.br\/wp-content\/uploads\/2023\/10\/Adoecimento-e-a-visao-distorcida-de-mundo-150x150.png 150w, https:\/\/lucasdeoliveirapsi.com.br\/wp-content\/uploads\/2023\/10\/Adoecimento-e-a-visao-distorcida-de-mundo-400x400.png 400w\" sizes=\"auto, (max-width: 526px) 100vw, 526px\" \/><\/a><\/figure>\n\n\n\n<figure class=\"wp-block-image size-large\"><a href=\"https:\/\/lucasdeoliveirapsi.com.br\/index.php\/2023\/11\/20\/trabalho-e-saude-quando-o-excesso-se-torna-um-risco\/\" target=\"_blank\" rel=\"noreferrer noopener\"><img loading=\"lazy\" decoding=\"async\" width=\"526\" height=\"526\" data-id=\"1570\" src=\"https:\/\/lucasdeoliveirapsi.com.br\/wp-content\/uploads\/2023\/11\/excessopost.png\" alt=\"\" class=\"wp-image-1570\" srcset=\"https:\/\/lucasdeoliveirapsi.com.br\/wp-content\/uploads\/2023\/11\/excessopost.png 526w, https:\/\/lucasdeoliveirapsi.com.br\/wp-content\/uploads\/2023\/11\/excessopost-300x300.png 300w, https:\/\/lucasdeoliveirapsi.com.br\/wp-content\/uploads\/2023\/11\/excessopost-150x150.png 150w, https:\/\/lucasdeoliveirapsi.com.br\/wp-content\/uploads\/2023\/11\/excessopost-400x400.png 400w\" sizes=\"auto, (max-width: 526px) 100vw, 526px\" \/><\/a><\/figure>\n\n\n\n<figure class=\"wp-block-image size-full\"><a href=\"https:\/\/lucasdeoliveirapsi.com.br\/index.php\/2023\/12\/12\/e-quando-nao-da-pra-mais-adaptar\/\" target=\"_blank\" rel=\"noreferrer noopener\"><img loading=\"lazy\" decoding=\"async\" width=\"526\" height=\"526\" data-id=\"1631\" src=\"https:\/\/lucasdeoliveirapsi.com.br\/wp-content\/uploads\/2023\/12\/E-quando-nao-da-pra-mais-adaptar-1.png\" alt=\"\" class=\"wp-image-1631\" srcset=\"https:\/\/lucasdeoliveirapsi.com.br\/wp-content\/uploads\/2023\/12\/E-quando-nao-da-pra-mais-adaptar-1.png 526w, https:\/\/lucasdeoliveirapsi.com.br\/wp-content\/uploads\/2023\/12\/E-quando-nao-da-pra-mais-adaptar-1-300x300.png 300w, https:\/\/lucasdeoliveirapsi.com.br\/wp-content\/uploads\/2023\/12\/E-quando-nao-da-pra-mais-adaptar-1-150x150.png 150w, https:\/\/lucasdeoliveirapsi.com.br\/wp-content\/uploads\/2023\/12\/E-quando-nao-da-pra-mais-adaptar-1-400x400.png 400w\" sizes=\"auto, (max-width: 526px) 100vw, 526px\" \/><\/a><\/figure>\n\n\n\n<figure class=\"wp-block-image size-large\"><a href=\"https:\/\/lucasdeoliveirapsi.com.br\/index.php\/2024\/10\/02\/busca-por-significado\/\" target=\"_blank\" rel=\"noreferrer noopener\"><img loading=\"lazy\" decoding=\"async\" width=\"526\" height=\"526\" data-id=\"1852\" src=\"https:\/\/lucasdeoliveirapsi.com.br\/wp-content\/uploads\/2024\/10\/abuscaporsentido.png\" alt=\"\" class=\"wp-image-1852\" srcset=\"https:\/\/lucasdeoliveirapsi.com.br\/wp-content\/uploads\/2024\/10\/abuscaporsentido.png 526w, https:\/\/lucasdeoliveirapsi.com.br\/wp-content\/uploads\/2024\/10\/abuscaporsentido-300x300.png 300w, https:\/\/lucasdeoliveirapsi.com.br\/wp-content\/uploads\/2024\/10\/abuscaporsentido-150x150.png 150w, https:\/\/lucasdeoliveirapsi.com.br\/wp-content\/uploads\/2024\/10\/abuscaporsentido-400x400.png 400w\" sizes=\"auto, (max-width: 526px) 100vw, 526px\" \/><\/a><\/figure>\n\n\n\n<figure class=\"wp-block-image size-large\"><a href=\"https:\/\/lucasdeoliveirapsi.com.br\/index.php\/2024\/10\/10\/depressao-e-os-limites-da-saude\/\" target=\"_blank\" rel=\"noreferrer noopener\"><img loading=\"lazy\" decoding=\"async\" width=\"526\" height=\"526\" data-id=\"1853\" src=\"https:\/\/lucasdeoliveirapsi.com.br\/wp-content\/uploads\/2024\/10\/depresaoelimites.png\" alt=\"\" class=\"wp-image-1853\" srcset=\"https:\/\/lucasdeoliveirapsi.com.br\/wp-content\/uploads\/2024\/10\/depresaoelimites.png 526w, https:\/\/lucasdeoliveirapsi.com.br\/wp-content\/uploads\/2024\/10\/depresaoelimites-300x300.png 300w, https:\/\/lucasdeoliveirapsi.com.br\/wp-content\/uploads\/2024\/10\/depresaoelimites-150x150.png 150w, https:\/\/lucasdeoliveirapsi.com.br\/wp-content\/uploads\/2024\/10\/depresaoelimites-400x400.png 400w\" sizes=\"auto, (max-width: 526px) 100vw, 526px\" \/><\/a><\/figure>\n\n\n\n<figure class=\"wp-block-image size-large\"><a href=\"https:\/\/lucasdeoliveirapsi.com.br\/index.php\/2025\/01\/06\/a-arte-como-recurso-terapeutico\/\" target=\"_blank\" rel=\" noreferrer noopener\"><img loading=\"lazy\" decoding=\"async\" width=\"526\" height=\"526\" data-id=\"1918\" src=\"https:\/\/lucasdeoliveirapsi.com.br\/wp-content\/uploads\/2025\/01\/A-arte-como-recurso-terapeutico.png\" alt=\"\" class=\"wp-image-1918\" srcset=\"https:\/\/lucasdeoliveirapsi.com.br\/wp-content\/uploads\/2025\/01\/A-arte-como-recurso-terapeutico.png 526w, https:\/\/lucasdeoliveirapsi.com.br\/wp-content\/uploads\/2025\/01\/A-arte-como-recurso-terapeutico-300x300.png 300w, https:\/\/lucasdeoliveirapsi.com.br\/wp-content\/uploads\/2025\/01\/A-arte-como-recurso-terapeutico-150x150.png 150w, https:\/\/lucasdeoliveirapsi.com.br\/wp-content\/uploads\/2025\/01\/A-arte-como-recurso-terapeutico-400x400.png 400w\" sizes=\"auto, (max-width: 526px) 100vw, 526px\" \/><\/a><\/figure>\n\n\n\n<figure class=\"wp-block-image size-large\"><a href=\"https:\/\/lucasdeoliveirapsi.com.br\/index.php\/2025\/10\/16\/a-psicossomatica\/\" target=\"_blank\" rel=\" noreferrer noopener\"><img loading=\"lazy\" decoding=\"async\" width=\"526\" height=\"526\" data-id=\"1974\" src=\"https:\/\/lucasdeoliveirapsi.com.br\/wp-content\/uploads\/2025\/10\/A-Psicossomatica-1.png\" alt=\"\" class=\"wp-image-1974\" srcset=\"https:\/\/lucasdeoliveirapsi.com.br\/wp-content\/uploads\/2025\/10\/A-Psicossomatica-1.png 526w, https:\/\/lucasdeoliveirapsi.com.br\/wp-content\/uploads\/2025\/10\/A-Psicossomatica-1-300x300.png 300w, https:\/\/lucasdeoliveirapsi.com.br\/wp-content\/uploads\/2025\/10\/A-Psicossomatica-1-150x150.png 150w, https:\/\/lucasdeoliveirapsi.com.br\/wp-content\/uploads\/2025\/10\/A-Psicossomatica-1-400x400.png 400w\" sizes=\"auto, (max-width: 526px) 100vw, 526px\" \/><\/a><\/figure>\n\n\n\n<figure class=\"wp-block-image size-large\"><a href=\"https:\/\/lucasdeoliveirapsi.com.br\/index.php\/2025\/11\/03\/quem-e-voce\/\" target=\"_blank\" rel=\" noreferrer noopener\"><img loading=\"lazy\" decoding=\"async\" width=\"526\" height=\"526\" data-id=\"2010\" src=\"https:\/\/lucasdeoliveirapsi.com.br\/wp-content\/uploads\/2025\/11\/quemevoce.png\" alt=\"\" class=\"wp-image-2010\" srcset=\"https:\/\/lucasdeoliveirapsi.com.br\/wp-content\/uploads\/2025\/11\/quemevoce.png 526w, https:\/\/lucasdeoliveirapsi.com.br\/wp-content\/uploads\/2025\/11\/quemevoce-300x300.png 300w, https:\/\/lucasdeoliveirapsi.com.br\/wp-content\/uploads\/2025\/11\/quemevoce-150x150.png 150w, https:\/\/lucasdeoliveirapsi.com.br\/wp-content\/uploads\/2025\/11\/quemevoce-400x400.png 400w\" sizes=\"auto, (max-width: 526px) 100vw, 526px\" \/><\/a><\/figure>\n<\/figure>\n\n\n\n<p><a href=\"https:\/\/lucasdeoliveirapsi.com.br\/index.php\/2022\/09\/06\/a-campanha-do-setembro-amarelo\/\" target=\"_blank\" rel=\"noopener\" title=\"A campanha do Setembro Amarelo\">A campanha do Setembro Amarelo<\/a><\/p>\n\n\n\n<p><a href=\"https:\/\/lucasdeoliveirapsi.com.br\/index.php\/2022\/04\/16\/digitacao-por-fala\/\" target=\"_blank\" rel=\"noreferrer noopener\" title=\"Digita\u00e7\u00e3o por fala\">Digita\u00e7\u00e3o por fala<\/a><\/p>\n\n\n\n<p><a href=\"https:\/\/lucasdeoliveirapsi.com.br\/index.php\/2022\/04\/14\/sobre-brincar\/\" target=\"_blank\" rel=\"noreferrer noopener\" title=\"\">Sobre Brincar<\/a><\/p>\n\n\n\n<p><a href=\"https:\/\/lucasdeoliveirapsi.com.br\/index.php\/2022\/04\/16\/posso-te-ajudar-na-sua-escolha\/\" target=\"_blank\" rel=\"noreferrer noopener\" title=\"Posso te ajudar na sua escolha?\">Posso te ajudar na sua escolha?<\/a><\/p>\n\n\n\n<p><a href=\"https:\/\/lucasdeoliveirapsi.com.br\/index.php\/2022\/04\/12\/decepcao-com-pessoas\/\" target=\"_blank\" rel=\"noreferrer noopener\" title=\"Decep\u00e7\u00e3o com pessoas\">Decep\u00e7\u00e3o com pessoas<\/a><\/p>\n\n\n\n<p><a href=\"https:\/\/lucasdeoliveirapsi.com.br\/index.php\/2022\/04\/12\/atendimento-psicologico-online\/\" target=\"_blank\" rel=\"noreferrer noopener\" title=\"\">Atendimento online<\/a><\/p>\n\n\n\n<p><a href=\"https:\/\/lucasdeoliveirapsi.com.br\/index.php\/2023\/03\/02\/o-nosso-corpo-nao-e-so-partes\/\" target=\"_blank\" rel=\"noopener\" title=\"O nosso corpo n\u00e3o \u00e9 s\u00f3 partes\">O nosso corpo n\u00e3o \u00e9 s\u00f3 partes<\/a><\/p>\n\n\n\n<p><a href=\"https:\/\/lucasdeoliveirapsi.com.br\/index.php\/2022\/09\/22\/o-que-e-equidade\/\" target=\"_blank\" rel=\"noopener\" title=\"O que \u00e9 equidade?\">O que \u00e9 equidade?<\/a><\/p>\n\n\n\n<p><a href=\"https:\/\/lucasdeoliveirapsi.com.br\/index.php\/2023\/02\/28\/as-telas-prejudicam-nossa-saude\/\" target=\"_blank\" rel=\"noopener\" title=\"As telas prejudicam nossa sa\u00fade?\">As telas prejudicam nossa sa\u00fade?<\/a><\/p>\n\n\n\n<p><a href=\"https:\/\/lucasdeoliveirapsi.com.br\/index.php\/2023\/06\/15\/a-cobranca-talvez-injusta\/\" target=\"_blank\" rel=\"noopener\" title=\"A cobran\u00e7a talvez injusta\">A cobran\u00e7a talvez injusta<\/a><\/p>\n\n\n\n<p><a href=\"https:\/\/lucasdeoliveirapsi.com.br\/index.php\/2023\/08\/18\/a-familia-pode-adoecer-junto\/\" target=\"_blank\" rel=\"noopener\" title=\"A fam\u00edlia pode adoecer junto\">A fam\u00edlia pode adoecer junto<\/a><\/p>\n\n\n\n<p><a href=\"https:\/\/lucasdeoliveirapsi.com.br\/index.php\/2023\/08\/29\/padroes-de-beleza-e-saude-mental\/\" target=\"_blank\" rel=\"noopener\" title=\"Padr\u00f5es de beleza e sa\u00fade mental\">Padr\u00f5es de beleza e sa\u00fade mental<\/a><\/p>\n\n\n\n<p><a href=\"https:\/\/lucasdeoliveirapsi.com.br\/index.php\/2023\/09\/21\/sobre-ser-humano-complexo\/\" target=\"_blank\" rel=\"noopener\" title=\"Sobre a complexidade do ser humano\">Sobre a complexidade do ser humano<\/a><\/p>\n\n\n\n<p><a href=\"https:\/\/lucasdeoliveirapsi.com.br\/index.php\/2023\/10\/26\/adoecimento-e-a-visao-distorcida-de-mundo\/\">Adoecimento e a vis\u00e3o distorcida de mundo<\/a><\/p>\n\n\n\n<p><a href=\"https:\/\/lucasdeoliveirapsi.com.br\/index.php\/2023\/11\/20\/trabalho-e-saude-quando-o-excesso-se-torna-um-risco\/\" title=\"Trabalho e Sa\u00fade: Quando o excesso se torna um risco\">Trabalho e Sa\u00fade: Quando o excesso se torna um risco<\/a><\/p>\n\n\n\n<p><a href=\"https:\/\/lucasdeoliveirapsi.com.br\/index.php\/2023\/12\/12\/e-quando-nao-da-pra-mais-adaptar\/\" target=\"_blank\" rel=\"noopener\" title=\"\">E quando n\u00e3o d\u00e1 pra mais adaptar<\/a><\/p>\n\n\n\n<p><a href=\"https:\/\/lucasdeoliveirapsi.com.br\/2024\/10\/02\/busca-por-significado\">Busca por significado<\/a><\/p>\n\n\n\n<p><a href=\"https:\/\/lucasdeoliveirapsi.com.br\/index.php\/2024\/10\/10\/depressao-e-os-limites-da-saude\/\" target=\"_blank\" rel=\"noopener\" title=\"\">Depress\u00e3o e os limites da sa\u00fade<\/a><\/p>\n\n\n\n<p><a href=\"https:\/\/lucasdeoliveirapsi.com.br\/index.php\/2025\/01\/06\/a-arte-como-recurso-terapeutico\/\" target=\"_blank\" rel=\"noopener\" title=\"\">A arte como recurso terap\u00eautico<\/a><\/p>\n\n\n\n<p><a href=\"https:\/\/lucasdeoliveirapsi.com.br\/index.php\/2025\/10\/16\/a-psicossomatica\/\" target=\"_blank\" rel=\"noopener\" title=\"\">A Psicossom\u00e1tica<\/a><\/p>\n\n\n\n<p><a href=\"https:\/\/lucasdeoliveirapsi.com.br\/index.php\/2025\/11\/03\/quem-e-voce\/\" target=\"_blank\" rel=\"noopener\" title=\"\">Quem \u00e9 voc\u00ea?<\/a><\/p>\n\n\n\n<p><\/p>\n","protected":false},"excerpt":{"rendered":"<p>Aqui voc\u00ea encontra os artigos referentes \u00e0s postagens feitas no Instagram. Artigos A campanha do Setembro Amarelo Digita\u00e7\u00e3o por fala Sobre Brincar Posso te ajudar &#8230;. <\/p>\n","protected":false},"author":1,"featured_media":0,"parent":0,"menu_order":0,"comment_status":"closed","ping_status":"closed","template":"","meta":{"om_disable_all_campaigns":false,"footnotes":""},"class_list":["post-557","page","type-page","status-publish","hentry"],"aioseo_notices":[],"_links":{"self":[{"href":"https:\/\/lucasdeoliveirapsi.com.br\/index.php\/wp-json\/wp\/v2\/pages\/557","targetHints":{"allow":["GET"]}}],"collection":[{"href":"https:\/\/lucasdeoliveirapsi.com.br\/index.php\/wp-json\/wp\/v2\/pages"}],"about":[{"href":"https:\/\/lucasdeoliveirapsi.com.br\/index.php\/wp-json\/wp\/v2\/types\/page"}],"author":[{"embeddable":true,"href":"https:\/\/lucasdeoliveirapsi.com.br\/index.php\/wp-json\/wp\/v2\/users\/1"}],"replies":[{"embeddable":true,"href":"https:\/\/lucasdeoliveirapsi.com.br\/index.php\/wp-json\/wp\/v2\/comments?post=557"}],"version-history":[{"count":22,"href":"https:\/\/lucasdeoliveirapsi.com.br\/index.php\/wp-json\/wp\/v2\/pages\/557\/revisions"}],"predecessor-version":[{"id":2013,"href":"https:\/\/lucasdeoliveirapsi.com.br\/index.php\/wp-json\/wp\/v2\/pages\/557\/revisions\/2013"}],"wp:attachment":[{"href":"https:\/\/lucasdeoliveirapsi.com.br\/index.php\/wp-json\/wp\/v2\/media?parent=557"}],"curies":[{"name":"wp","href":"https:\/\/api.w.org\/{rel}","templated":true}]}}